{"id":3,"date":"2023-12-15T15:33:15","date_gmt":"2023-12-15T15:33:15","guid":{"rendered":"https:\/\/osteriadegliamici.ch\/?page_id=3"},"modified":"2025-07-24T20:55:33","modified_gmt":"2025-07-24T18:55:33","slug":"osteria-degli-amici-privacy-policy","status":"publish","type":"page","link":"https:\/\/osteriadegliamici.ch\/?page_id=3","title":{"rendered":"Privacy Policy"},"content":{"rendered":"<h1>Privacy Policy<\/h1>\n<p>INFORMAZIONI SULLA PROTEZIONE DEI DATI<\/p>\n<p>&#8220;Osteria Degli Amici&#8221; (qui di seguito &#8220;noi&#8221; o &#8220;nostro&#8221;) come data controller, si impegna a garantire la massima considerazione alla protezione dei dati degli utenti (qui di seguito anche &#8220;clienti&#8221;) del nostro sito. Pertanto, si prega di leggere attentamente questa informativa sulla protezione dei dati (Informativa sulla privacy). L&#8217;Informativa sulla Privacy \u00e8 parte integrante delle Condizioni generali d&#8217;Uso, la cui accettazione da parte dell&#8217;utente \u00e8 premessa per l&#8217;utilizzo del nostro sito. La presente Informativa sulla privacy si estende sia ai dati personali raccolti in passato che a quelli futuri. La raccolta dei dati personali e il loro trattamento hanno lo scopo di ottimizzare il nostro sito e il servizio clienti. Ci riserviamo il diritto di modificare la presente Informativa sulla privacy in qualsiasi momento in conformit\u00e0 con le normative in vigore.<\/p>\n<p>1. APPLICABILIT\u00c0<br \/>\nL&#8217;Informativa sulla privacy \u00e8 in vigore per il nostro sito. Per qualsiasi link a link a siti web di terze parti non possiamo garantire l&#8217;attuazione del presente regolamento. Lo stesso vale per i cosiddetti social plugin, come Facebook, Twitter o Google, indicati dal logo del fornitore interessato. Ad esempio, si consideri l&#8217;icona &#8220;Mi piace&#8221; o le icone di Twitter o Google. Gli utenti sono invitati ad approfondire la propria Informativa sulla privacy direttamente sui portali di queste terze parti.<br \/>\nDETENTORE DELLA RACCOLTA DEI DATI<br \/>\nTitolare della raccolta dati \u00e8 Osteriadegliamici.ch (<a href=\"mailto:info@osteriadegliamici.ch\" target=\"_blank\" rel=\"noopener\">info@osteriadegliamici.ch<\/a>).<\/p>\n<p>2. IN GENERALE<br \/>\nSiamo soggetti alla legge federale svizzera sulla protezione dei dati (qui di seguito denominata LPD) e quindi ci sforziamo di proteggere la privacy dei nostri utenti e di elaborare i loro dati personali in conformit\u00e0 con le disposizioni del LPD. In particolare, lavoriamo per quanto riguarda il trattamento dei dati personali per conformarci alla legge, trattare i dati personali in buona fede e secondo il principio di proporzionalit\u00e0, richiedendo il consenso degli utenti ove richiesto.<\/p>\n<p>3. SCOPI DI DATA PROCESSING<br \/>\nCi impegniamo a trattare i dati solo per gli scopi indicati al momento della loro raccolta, in particolare: utilizzare i dati personali per soddisfare gli obblighi contrattuali, comprendere il comportamento degli utenti e quindi migliorare il nostro sito, fornire un servizio di qualit\u00e0, migliorare comunicazione con i clienti (compreso l&#8217;invio mirato di pubblicit\u00e0 e informazioni) e per sviluppare migliori relazioni con gli utenti del sito.<\/p>\n<p>4. RACCOLTA E ARCHIVIAZIONE DEI DATI<br \/>\nAi fini delle dichiarazioni, i dati degli utenti vengono raccolti in vari punti del sito. Si tratta di dati personali, cio\u00e8 dati e informazioni riferiti a una persona identificata o identificabile. Per una definizione giuridica specifica, si prega di fare riferimento all&#8217;art. 3 lett. a \/ c LPD. Questi dati personali includono, in particolare, le seguenti informazioni come login (nome utente e password), indirizzo IP, nome, cognome, indirizzo (via, codice postale, citt\u00e0 e paese), numero di telefono, indirizzo e-mail, numero di imposta aziendale, lingua, uso previsto. Ulteriori dati possono essere raccolti attraverso i file di log e l&#8217;uso dei cookie (vedi sotto).<br \/>\nLa conservazione dei dati avviene conformemente alle disposizioni del LPD ed \u00e8 prevista fino a quando lo riteniamo necessario o appropriato sulla base delle disposizioni giuridiche, nella misura necessaria per il perseguimento degli scopi per i quali sono stati raccolti. La cancellazione dei dati personali avverr\u00e0 non appena non ne avr\u00e0 pi\u00f9 bisogno e in ogni caso entro i periodi massimi di conservazione stabiliti dalla legge.<\/p>\n<p>5. TRASMISSIONE DI DATI PERSONALI<br \/>\nNon forniamo dati personali a terzi, senza pregiudizi o pregiudizi ai nostri fornitori di servizi che sono obbligati a garantire il trattamento dei dati in conformit\u00e0 con le disposizioni del diritto svizzero, nonch\u00e9 a garantire il rispetto delle misure tecniche e organizzative garantire la protezione dei dati personali.<br \/>\nSi riserva inoltre la trasmissione di dati personali in conformit\u00e0 con le leggi applicabili o a seguito di richieste giudiziarie o amministrative da parte delle autorit\u00e0 competenti.<\/p>\n<p>6. COOKIE<br \/>\nIl nostro sito utilizza i cosiddetti cookie. Un cookie \u00e8 un piccolo file inviato da una pagina web al navigatore in occasione della prima visita e che viene inviato alla pagina ad ogni nuova visita. Il sito riconosce cos\u00ec il navigatore e di conseguenza il computer dell&#8217;utente o i suoi supporti mobili. Alcune preferenze di quest&#8217;ultimo possono essere memorizzate e riattivate dalla pagina ad ogni ulteriore visita.<br \/>\nI cookie ci permettono di affinare e ottimizzare l&#8217;offerta ai nostri clienti presentando i prodotti corrispondenti ai campi di interesse per loro in modo mirato. L&#8217;utente ha la possibilit\u00e0 di impostare il proprio motore di ricerca, in modo che prima di salvare un cookie viene visualizzata una nota di avviso. L&#8217;utente pu\u00f2 anche optare per la rinuncia alle opportunit\u00e0 offerte dall&#8217;uso di cookie personali. Tuttavia, questa opzione potrebbe limitare l&#8217;uso di determinati servizi.<\/p>\n<p>7. FILE DI REGISTRO<br \/>\nIl nostro sito registra i dati relativi agli accessi degli utenti (orari, indirizzo IP, volume di dati trasmessi, nome del browser utilizzato, ecc.). Questi dati ci permettono di ottimizzare l&#8217;offerta del nostro sito online, ad esempio indirizzando le nostre offerte durante le ore di maggiore utilizzo, per correggere gli errori e per gestire meglio le capacit\u00e0 del server.<\/p>\n<p>8. E-MAIL \/ E-NEWSLETTER<br \/>\nSulla base dei dati raccolti attraverso i metodi sopra descritti, in particolare attraverso cookie e file di log, l&#8217;utente autorizza l&#8217;invio di e-mail e newsletter a scopo informativo \/pubblicitario e pu\u00f2 revocare in qualsiasi momento l&#8217;autorizzazione all&#8217;invio ulteriori comunicazioni.<\/p>\n<p>9. SICUREZZA DEI DATI PERSONALI<br \/>\nAl fine di garantire la sicurezza dei dati personali dell&#8217;utente e di evitare trattamenti non autorizzati o illeciti e limitare i rischi di perdita o manipolazione accidentale, diffusione di dati o accesso non autorizzato, abbiamo istituito sistemi di sicurezza appropriati dal profilo tecnico e organizzativo. Tuttavia, va sottolineato che la trasmissione dei dati via Internet, e-mail o altri mezzi elettronici comporta rischi che esulano dal nostro controllo e dalla nostra responsabilit\u00e0. Ti invitiamo pertanto a fornire le misure di sicurezza necessarie che vengono aggiornate in conformit\u00e0 con lo standard di sicurezza pertinente sul tuo supporto IT.<\/p>\n<p>10. DIRITTI DI CANCELLAZIONE, CORREZIONE E DIRITTI DI CANCELLAZIONE DEI DATI<br \/>\nPer qualsiasi domanda e richiesta di correzione, blocco o cancellazione dei dati, vi preghiamo di contattarci al seguente indirizzo e-mail: <a href=\"mailto:info@osteriadegliamici.ch\" target=\"_blank\" rel=\"noopener\">info@osteriadegliamici.ch<\/a><\/p>\n<p>11. CONSENSO<br \/>\nCome utente del nostro sito, certifica il tuo esplicito consenso per i tuoi dati da raccogliere, archiviare e utilizzare ai fini sopra indicati.<\/p>\n","protected":false},"excerpt":{"rendered":"<p>Privacy Policy INFORMAZIONI SULLA PROTEZIONE DEI DATI &#8220;Osteria Degli Amici&#8221; (qui di seguito &#8220;noi&#8221; o &#8220;nostro&#8221;) come data controller, si impegna a garantire la massima considerazione alla protezione dei dati degli utenti (qui di seguito anche &#8220;clienti&#8221;) del nostro sito. Pertanto, si prega di leggere attentamente questa informativa sulla protezione dei dati (Informativa sulla privacy). [&hellip;]<\/p>\n","protected":false},"author":1,"featured_media":183,"parent":0,"menu_order":0,"comment_status":"closed","ping_status":"open","template":"","meta":{"ocean_post_layout":"","ocean_both_sidebars_style":"","ocean_both_sidebars_content_width":0,"ocean_both_sidebars_sidebars_width":0,"ocean_sidebar":"0","ocean_second_sidebar":"0","ocean_disable_margins":"enable","ocean_add_body_class":"","ocean_shortcode_before_top_bar":"","ocean_shortcode_after_top_bar":"","ocean_shortcode_before_header":"","ocean_shortcode_after_header":"","ocean_has_shortcode":"","ocean_shortcode_after_title":"","ocean_shortcode_before_footer_widgets":"","ocean_shortcode_after_footer_widgets":"","ocean_shortcode_before_footer_bottom":"","ocean_shortcode_after_footer_bottom":"","ocean_display_top_bar":"default","ocean_display_header":"default","ocean_header_style":"full_screen","ocean_center_header_left_menu":"0","ocean_custom_header_template":"0","ocean_custom_logo":0,"ocean_custom_retina_logo":0,"ocean_custom_logo_max_width":0,"ocean_custom_logo_tablet_max_width":0,"ocean_custom_logo_mobile_max_width":0,"ocean_custom_logo_max_height":0,"ocean_custom_logo_tablet_max_height":0,"ocean_custom_logo_mobile_max_height":0,"ocean_header_custom_menu":"0","ocean_menu_typo_font_family":"0","ocean_menu_typo_font_subset":"","ocean_menu_typo_font_size":0,"ocean_menu_typo_font_size_tablet":0,"ocean_menu_typo_font_size_mobile":0,"ocean_menu_typo_font_size_unit":"px","ocean_menu_typo_font_weight":"","ocean_menu_typo_font_weight_tablet":"","ocean_menu_typo_font_weight_mobile":"","ocean_menu_typo_transform":"","ocean_menu_typo_transform_tablet":"","ocean_menu_typo_transform_mobile":"","ocean_menu_typo_line_height":0,"ocean_menu_typo_line_height_tablet":0,"ocean_menu_typo_line_height_mobile":0,"ocean_menu_typo_line_height_unit":"","ocean_menu_typo_spacing":0,"ocean_menu_typo_spacing_tablet":0,"ocean_menu_typo_spacing_mobile":0,"ocean_menu_typo_spacing_unit":"","ocean_menu_link_color":"","ocean_menu_link_color_hover":"","ocean_menu_link_color_active":"","ocean_menu_link_background":"","ocean_menu_link_hover_background":"","ocean_menu_link_active_background":"","ocean_menu_social_links_bg":"","ocean_menu_social_hover_links_bg":"","ocean_menu_social_links_color":"","ocean_menu_social_hover_links_color":"","ocean_disable_title":"on","ocean_disable_heading":"default","ocean_post_title":"","ocean_post_subheading":"","ocean_post_title_style":"","ocean_post_title_background_color":"","ocean_post_title_background":0,"ocean_post_title_bg_image_position":"","ocean_post_title_bg_image_attachment":"","ocean_post_title_bg_image_repeat":"","ocean_post_title_bg_image_size":"","ocean_post_title_height":0,"ocean_post_title_bg_overlay":0.5,"ocean_post_title_bg_overlay_color":"","ocean_disable_breadcrumbs":"default","ocean_breadcrumbs_color":"","ocean_breadcrumbs_separator_color":"","ocean_breadcrumbs_links_color":"","ocean_breadcrumbs_links_hover_color":"","ocean_display_footer_widgets":"default","ocean_display_footer_bottom":"default","ocean_custom_footer_template":"0","footnotes":""},"class_list":["post-3","page","type-page","status-publish","has-post-thumbnail","hentry","entry","has-media"],"yoast_head":"<!-- This site is optimized with the Yoast SEO plugin v25.9 - https:\/\/yoast.com\/wordpress\/plugins\/seo\/ -->\n<title>Privacy Policy - Osteria degli Amici<\/title>\n<meta name=\"description\" content=\"Osteria Degli Amici - Privacy Policy.\" \/>\n<meta name=\"robots\" content=\"index, follow, max-snippet:-1, max-image-preview:large, max-video-preview:-1\" \/>\n<link rel=\"canonical\" href=\"https:\/\/osteriadegliamici.ch\/?page_id=3\" \/>\n<meta property=\"og:locale\" content=\"it_IT\" \/>\n<meta property=\"og:type\" content=\"article\" \/>\n<meta property=\"og:title\" content=\"Privacy Policy - Osteria degli Amici\" \/>\n<meta property=\"og:description\" content=\"Osteria Degli Amici - Privacy Policy.\" \/>\n<meta property=\"og:url\" content=\"https:\/\/osteriadegliamici.ch\/?page_id=3\" \/>\n<meta property=\"og:site_name\" content=\"Osteria degli Amici\" \/>\n<meta property=\"article:modified_time\" content=\"2025-07-24T18:55:33+00:00\" \/>\n<meta property=\"og:image\" content=\"https:\/\/osteriadegliamici.ch\/wp-content\/uploads\/2025\/05\/cropped-cropped-P1133614.jpg\" \/>\n\t<meta property=\"og:image:width\" content=\"2000\" \/>\n\t<meta property=\"og:image:height\" content=\"1200\" \/>\n\t<meta property=\"og:image:type\" content=\"image\/jpeg\" \/>\n<meta name=\"twitter:card\" content=\"summary_large_image\" \/>\n<meta name=\"twitter:label1\" content=\"Tempo di lettura stimato\" \/>\n\t<meta name=\"twitter:data1\" content=\"6 minuti\" \/>\n<script type=\"application\/ld+json\" class=\"yoast-schema-graph\">{\"@context\":\"https:\/\/schema.org\",\"@graph\":[{\"@type\":\"WebPage\",\"@id\":\"https:\/\/osteriadegliamici.ch\/?page_id=3\",\"url\":\"https:\/\/osteriadegliamici.ch\/?page_id=3\",\"name\":\"Privacy Policy - Osteria degli Amici\",\"isPartOf\":{\"@id\":\"https:\/\/osteriadegliamici.ch\/#website\"},\"primaryImageOfPage\":{\"@id\":\"https:\/\/osteriadegliamici.ch\/?page_id=3#primaryimage\"},\"image\":{\"@id\":\"https:\/\/osteriadegliamici.ch\/?page_id=3#primaryimage\"},\"thumbnailUrl\":\"https:\/\/osteriadegliamici.ch\/wp-content\/uploads\/2025\/05\/cropped-cropped-P1133614.jpg\",\"datePublished\":\"2023-12-15T15:33:15+00:00\",\"dateModified\":\"2025-07-24T18:55:33+00:00\",\"description\":\"Osteria Degli Amici - Privacy Policy.\",\"breadcrumb\":{\"@id\":\"https:\/\/osteriadegliamici.ch\/?page_id=3#breadcrumb\"},\"inLanguage\":\"it-IT\",\"potentialAction\":[{\"@type\":\"ReadAction\",\"target\":[\"https:\/\/osteriadegliamici.ch\/?page_id=3\"]}]},{\"@type\":\"ImageObject\",\"inLanguage\":\"it-IT\",\"@id\":\"https:\/\/osteriadegliamici.ch\/?page_id=3#primaryimage\",\"url\":\"https:\/\/osteriadegliamici.ch\/wp-content\/uploads\/2025\/05\/cropped-cropped-P1133614.jpg\",\"contentUrl\":\"https:\/\/osteriadegliamici.ch\/wp-content\/uploads\/2025\/05\/cropped-cropped-P1133614.jpg\",\"width\":2000,\"height\":1200,\"caption\":\"osteria-degli-amici\"},{\"@type\":\"BreadcrumbList\",\"@id\":\"https:\/\/osteriadegliamici.ch\/?page_id=3#breadcrumb\",\"itemListElement\":[{\"@type\":\"ListItem\",\"position\":1,\"name\":\"Home\",\"item\":\"https:\/\/osteriadegliamici.ch\/\"},{\"@type\":\"ListItem\",\"position\":2,\"name\":\"Privacy Policy\"}]},{\"@type\":\"WebSite\",\"@id\":\"https:\/\/osteriadegliamici.ch\/#website\",\"url\":\"https:\/\/osteriadegliamici.ch\/\",\"name\":\"Osteria degli Amici\",\"description\":\"l&#039;Osteria degli Amici,  un ristorante dove la semplicit\u00e0 \u00e8 di casa  Vienici a trovare a Figino, via Casoro 14\",\"publisher\":{\"@id\":\"https:\/\/osteriadegliamici.ch\/#organization\"},\"potentialAction\":[{\"@type\":\"SearchAction\",\"target\":{\"@type\":\"EntryPoint\",\"urlTemplate\":\"https:\/\/osteriadegliamici.ch\/?s={search_term_string}\"},\"query-input\":{\"@type\":\"PropertyValueSpecification\",\"valueRequired\":true,\"valueName\":\"search_term_string\"}}],\"inLanguage\":\"it-IT\"},{\"@type\":\"Organization\",\"@id\":\"https:\/\/osteriadegliamici.ch\/#organization\",\"name\":\"Osteria degli Amici\",\"url\":\"https:\/\/osteriadegliamici.ch\/\",\"logo\":{\"@type\":\"ImageObject\",\"inLanguage\":\"it-IT\",\"@id\":\"https:\/\/osteriadegliamici.ch\/#\/schema\/logo\/image\/\",\"url\":\"https:\/\/osteriadegliamici.ch\/wp-content\/uploads\/2025\/05\/cropped-cropped-logo-menu-2-150x150-osteria-degli-amici.webp\",\"contentUrl\":\"https:\/\/osteriadegliamici.ch\/wp-content\/uploads\/2025\/05\/cropped-cropped-logo-menu-2-150x150-osteria-degli-amici.webp\",\"width\":512,\"height\":512,\"caption\":\"Osteria degli Amici\"},\"image\":{\"@id\":\"https:\/\/osteriadegliamici.ch\/#\/schema\/logo\/image\/\"}}]}<\/script>\n<!-- \/ Yoast SEO plugin. -->","yoast_head_json":{"title":"Privacy Policy - Osteria degli Amici","description":"Osteria Degli Amici - Privacy Policy.","robots":{"index":"index","follow":"follow","max-snippet":"max-snippet:-1","max-image-preview":"max-image-preview:large","max-video-preview":"max-video-preview:-1"},"canonical":"https:\/\/osteriadegliamici.ch\/?page_id=3","og_locale":"it_IT","og_type":"article","og_title":"Privacy Policy - Osteria degli Amici","og_description":"Osteria Degli Amici - Privacy Policy.","og_url":"https:\/\/osteriadegliamici.ch\/?page_id=3","og_site_name":"Osteria degli Amici","article_modified_time":"2025-07-24T18:55:33+00:00","og_image":[{"width":2000,"height":1200,"url":"https:\/\/osteriadegliamici.ch\/wp-content\/uploads\/2025\/05\/cropped-cropped-P1133614.jpg","type":"image\/jpeg"}],"twitter_card":"summary_large_image","twitter_misc":{"Tempo di lettura stimato":"6 minuti"},"schema":{"@context":"https:\/\/schema.org","@graph":[{"@type":"WebPage","@id":"https:\/\/osteriadegliamici.ch\/?page_id=3","url":"https:\/\/osteriadegliamici.ch\/?page_id=3","name":"Privacy Policy - Osteria degli Amici","isPartOf":{"@id":"https:\/\/osteriadegliamici.ch\/#website"},"primaryImageOfPage":{"@id":"https:\/\/osteriadegliamici.ch\/?page_id=3#primaryimage"},"image":{"@id":"https:\/\/osteriadegliamici.ch\/?page_id=3#primaryimage"},"thumbnailUrl":"https:\/\/osteriadegliamici.ch\/wp-content\/uploads\/2025\/05\/cropped-cropped-P1133614.jpg","datePublished":"2023-12-15T15:33:15+00:00","dateModified":"2025-07-24T18:55:33+00:00","description":"Osteria Degli Amici - Privacy Policy.","breadcrumb":{"@id":"https:\/\/osteriadegliamici.ch\/?page_id=3#breadcrumb"},"inLanguage":"it-IT","potentialAction":[{"@type":"ReadAction","target":["https:\/\/osteriadegliamici.ch\/?page_id=3"]}]},{"@type":"ImageObject","inLanguage":"it-IT","@id":"https:\/\/osteriadegliamici.ch\/?page_id=3#primaryimage","url":"https:\/\/osteriadegliamici.ch\/wp-content\/uploads\/2025\/05\/cropped-cropped-P1133614.jpg","contentUrl":"https:\/\/osteriadegliamici.ch\/wp-content\/uploads\/2025\/05\/cropped-cropped-P1133614.jpg","width":2000,"height":1200,"caption":"osteria-degli-amici"},{"@type":"BreadcrumbList","@id":"https:\/\/osteriadegliamici.ch\/?page_id=3#breadcrumb","itemListElement":[{"@type":"ListItem","position":1,"name":"Home","item":"https:\/\/osteriadegliamici.ch\/"},{"@type":"ListItem","position":2,"name":"Privacy Policy"}]},{"@type":"WebSite","@id":"https:\/\/osteriadegliamici.ch\/#website","url":"https:\/\/osteriadegliamici.ch\/","name":"Osteria degli Amici","description":"l&#039;Osteria degli Amici,  un ristorante dove la semplicit\u00e0 \u00e8 di casa  Vienici a trovare a Figino, via Casoro 14","publisher":{"@id":"https:\/\/osteriadegliamici.ch\/#organization"},"potentialAction":[{"@type":"SearchAction","target":{"@type":"EntryPoint","urlTemplate":"https:\/\/osteriadegliamici.ch\/?s={search_term_string}"},"query-input":{"@type":"PropertyValueSpecification","valueRequired":true,"valueName":"search_term_string"}}],"inLanguage":"it-IT"},{"@type":"Organization","@id":"https:\/\/osteriadegliamici.ch\/#organization","name":"Osteria degli Amici","url":"https:\/\/osteriadegliamici.ch\/","logo":{"@type":"ImageObject","inLanguage":"it-IT","@id":"https:\/\/osteriadegliamici.ch\/#\/schema\/logo\/image\/","url":"https:\/\/osteriadegliamici.ch\/wp-content\/uploads\/2025\/05\/cropped-cropped-logo-menu-2-150x150-osteria-degli-amici.webp","contentUrl":"https:\/\/osteriadegliamici.ch\/wp-content\/uploads\/2025\/05\/cropped-cropped-logo-menu-2-150x150-osteria-degli-amici.webp","width":512,"height":512,"caption":"Osteria degli Amici"},"image":{"@id":"https:\/\/osteriadegliamici.ch\/#\/schema\/logo\/image\/"}}]}},"_links":{"self":[{"href":"https:\/\/osteriadegliamici.ch\/index.php?rest_route=\/wp\/v2\/pages\/3","targetHints":{"allow":["GET"]}}],"collection":[{"href":"https:\/\/osteriadegliamici.ch\/index.php?rest_route=\/wp\/v2\/pages"}],"about":[{"href":"https:\/\/osteriadegliamici.ch\/index.php?rest_route=\/wp\/v2\/types\/page"}],"author":[{"embeddable":true,"href":"https:\/\/osteriadegliamici.ch\/index.php?rest_route=\/wp\/v2\/users\/1"}],"replies":[{"embeddable":true,"href":"https:\/\/osteriadegliamici.ch\/index.php?rest_route=%2Fwp%2Fv2%2Fcomments&post=3"}],"version-history":[{"count":3,"href":"https:\/\/osteriadegliamici.ch\/index.php?rest_route=\/wp\/v2\/pages\/3\/revisions"}],"predecessor-version":[{"id":730,"href":"https:\/\/osteriadegliamici.ch\/index.php?rest_route=\/wp\/v2\/pages\/3\/revisions\/730"}],"wp:featuredmedia":[{"embeddable":true,"href":"https:\/\/osteriadegliamici.ch\/index.php?rest_route=\/wp\/v2\/media\/183"}],"wp:attachment":[{"href":"https:\/\/osteriadegliamici.ch\/index.php?rest_route=%2Fwp%2Fv2%2Fmedia&parent=3"}],"curies":[{"name":"wp","href":"https:\/\/api.w.org\/{rel}","templated":true}]}}